{"id":2,"date":"2024-06-26T14:25:20","date_gmt":"2024-06-26T12:25:20","guid":{"rendered":"http:\/\/laurencegaudet.com\/?page_id=2"},"modified":"2024-06-26T16:58:35","modified_gmt":"2024-06-26T14:58:35","slug":"page-d-exemple","status":"publish","type":"page","link":"http:\/\/laurencegaudet.com\/","title":{"rendered":"Accueil"},"content":{"rendered":"\n<p><\/p>\n\n\n\n<blockquote class=\"wp-block-quote is-layout-flow wp-block-quote-is-layout-flow\">\n<p>Bonjour\u00a0! Bienvenue sur le site de Laurence Gaudet. Vous y trouverez ses r\u00e9alisations : Aquarelle, crayons et croquis. D&rsquo;ors et d\u00e9j\u00e0, nous vous remercions de votre int\u00e9r\u00eat, en vous souhaitant une bonne visite et une excellente journ\u00e9e.<\/p>\n<\/blockquote>\n\n\n\n<p><\/p>\n\n\n\n<blockquote class=\"wp-block-quote is-layout-flow wp-block-quote-is-layout-flow\">\n<p>Cordialement,  l&rsquo;\u00e9quipe de LGA Corp.<\/p>\n<\/blockquote>\n\n\n\n<p><\/p>\n","protected":false},"excerpt":{"rendered":"<p>Bonjour\u00a0! Bienvenue sur le site de Laurence Gaudet. Vous y trouverez ses r\u00e9alisations : Aquarelle, crayons et croquis. D&rsquo;ors et d\u00e9j\u00e0, nous vous remercions de votre int\u00e9r\u00eat, en vous souhaitant une bonne visite et une excellente journ\u00e9e. Cordialement, l&rsquo;\u00e9quipe de LGA Corp.<\/p>\n","protected":false},"author":1,"featured_media":0,"parent":0,"menu_order":0,"comment_status":"closed","ping_status":"open","template":"","meta":{"footnotes":""},"class_list":["post-2","page","type-page","status-publish","hentry"],"_links":{"self":[{"href":"http:\/\/laurencegaudet.com\/index.php\/wp-json\/wp\/v2\/pages\/2","targetHints":{"allow":["GET"]}}],"collection":[{"href":"http:\/\/laurencegaudet.com\/index.php\/wp-json\/wp\/v2\/pages"}],"about":[{"href":"http:\/\/laurencegaudet.com\/index.php\/wp-json\/wp\/v2\/types\/page"}],"author":[{"embeddable":true,"href":"http:\/\/laurencegaudet.com\/index.php\/wp-json\/wp\/v2\/users\/1"}],"replies":[{"embeddable":true,"href":"http:\/\/laurencegaudet.com\/index.php\/wp-json\/wp\/v2\/comments?post=2"}],"version-history":[{"count":8,"href":"http:\/\/laurencegaudet.com\/index.php\/wp-json\/wp\/v2\/pages\/2\/revisions"}],"predecessor-version":[{"id":128,"href":"http:\/\/laurencegaudet.com\/index.php\/wp-json\/wp\/v2\/pages\/2\/revisions\/128"}],"wp:attachment":[{"href":"http:\/\/laurencegaudet.com\/index.php\/wp-json\/wp\/v2\/media?parent=2"}],"curies":[{"name":"wp","href":"https:\/\/api.w.org\/{rel}","templated":true}]}}